{"id":2,"date":"2025-06-04T19:48:15","date_gmt":"2025-06-04T19:48:15","guid":{"rendered":"https:\/\/perpakumanda.com\/?page_id=2"},"modified":"2025-06-05T06:30:12","modified_gmt":"2025-06-05T06:30:12","slug":"sample-page","status":"publish","type":"page","link":"https:\/\/www.perpakumanda.com\/?page_id=2","title":{"rendered":"Sample Page"},"content":{"rendered":"\r\n<p>1993 y\u0131l\u0131nda kurulan perpa uzaktan kumanda firmas\u0131 33 y\u0131ld\u0131r sizlere uzaktan kumanda \u00fcniteleri i\u00e7in hizmet vermektedir.<\/p>\r\n","protected":false},"excerpt":{"rendered":"<p>1993 y\u0131l\u0131nda kurulan perpa uzaktan kumanda firmas\u0131 33 y\u0131ld\u0131r sizlere uzaktan kumanda \u00fcniteleri i\u00e7in hizmet vermektedir.<\/p>\n","protected":false},"author":1,"featured_media":0,"parent":0,"menu_order":0,"comment_status":"closed","ping_status":"open","template":"","meta":{"footnotes":""},"class_list":["post-2","page","type-page","status-publish","hentry"],"_links":{"self":[{"href":"https:\/\/www.perpakumanda.com\/index.php?rest_route=\/wp\/v2\/pages\/2","targetHints":{"allow":["GET"]}}],"collection":[{"href":"https:\/\/www.perpakumanda.com\/index.php?rest_route=\/wp\/v2\/pages"}],"about":[{"href":"https:\/\/www.perpakumanda.com\/index.php?rest_route=\/wp\/v2\/types\/page"}],"author":[{"embeddable":true,"href":"https:\/\/www.perpakumanda.com\/index.php?rest_route=\/wp\/v2\/users\/1"}],"replies":[{"embeddable":true,"href":"https:\/\/www.perpakumanda.com\/index.php?rest_route=%2Fwp%2Fv2%2Fcomments&post=2"}],"version-history":[{"count":2,"href":"https:\/\/www.perpakumanda.com\/index.php?rest_route=\/wp\/v2\/pages\/2\/revisions"}],"predecessor-version":[{"id":53,"href":"https:\/\/www.perpakumanda.com\/index.php?rest_route=\/wp\/v2\/pages\/2\/revisions\/53"}],"wp:attachment":[{"href":"https:\/\/www.perpakumanda.com\/index.php?rest_route=%2Fwp%2Fv2%2Fmedia&parent=2"}],"curies":[{"name":"wp","href":"https:\/\/api.w.org\/{rel}","templated":true}]}}