{"id":27,"date":"2025-06-04T20:49:58","date_gmt":"2025-06-04T20:49:58","guid":{"rendered":"https:\/\/perpakumanda.com\/?page_id=27"},"modified":"2025-06-05T06:07:23","modified_gmt":"2025-06-05T06:07:23","slug":"bize-ulasin","status":"publish","type":"page","link":"https:\/\/www.perpakumanda.com\/?page_id=27","title":{"rendered":"Bize ula\u015f\u0131n"},"content":{"rendered":"\n<p>uzaktan Kumanda sat\u0131\u015f Magamzam\u0131z Perpa Ticaret Merkezi A Blok Kat 9 NO:1215 <\/p>\n\n\n\n<p>Perpa Kumandac\u0131 nerede ?. PERPA ANA KAPIDAN G\u0130R\u0130N\u0130Z YAPI KRED\u0130DEN \u0130LK SA\u011eA G\u0130R\u0130N\u0130Z SONRASINDA \u0130LK SOLA D\u00d6N\u00dcN\u00dcZ KAR\u015eINIZA GELEN AVLUDAN  B\u0130R \u00dcST KATA \u00c7IKINIZ B\u0130Z\u0130 BULACAKSINIZ<\/p>\n","protected":false},"excerpt":{"rendered":"<p>uzaktan Kumanda sat\u0131\u015f Magamzam\u0131z Perpa Ticaret Merkezi A Blok Kat 9 NO:1215 Perpa Kumandac\u0131 nerede ?. PERPA ANA KAPIDAN G\u0130R\u0130N\u0130Z YAPI KRED\u0130DEN \u0130LK SA\u011eA G\u0130R\u0130N\u0130Z SONRASINDA \u0130LK SOLA D\u00d6N\u00dcN\u00dcZ KAR\u015eINIZA GELEN AVLUDAN B\u0130R \u00dcST KATA \u00c7IKINIZ B\u0130Z\u0130 BULACAKSINIZ<\/p>\n","protected":false},"author":1,"featured_media":0,"parent":0,"menu_order":0,"comment_status":"closed","ping_status":"closed","template":"","meta":{"footnotes":""},"class_list":["post-27","page","type-page","status-publish","hentry"],"_links":{"self":[{"href":"https:\/\/www.perpakumanda.com\/index.php?rest_route=\/wp\/v2\/pages\/27","targetHints":{"allow":["GET"]}}],"collection":[{"href":"https:\/\/www.perpakumanda.com\/index.php?rest_route=\/wp\/v2\/pages"}],"about":[{"href":"https:\/\/www.perpakumanda.com\/index.php?rest_route=\/wp\/v2\/types\/page"}],"author":[{"embeddable":true,"href":"https:\/\/www.perpakumanda.com\/index.php?rest_route=\/wp\/v2\/users\/1"}],"replies":[{"embeddable":true,"href":"https:\/\/www.perpakumanda.com\/index.php?rest_route=%2Fwp%2Fv2%2Fcomments&post=27"}],"version-history":[{"count":2,"href":"https:\/\/www.perpakumanda.com\/index.php?rest_route=\/wp\/v2\/pages\/27\/revisions"}],"predecessor-version":[{"id":51,"href":"https:\/\/www.perpakumanda.com\/index.php?rest_route=\/wp\/v2\/pages\/27\/revisions\/51"}],"wp:attachment":[{"href":"https:\/\/www.perpakumanda.com\/index.php?rest_route=%2Fwp%2Fv2%2Fmedia&parent=27"}],"curies":[{"name":"wp","href":"https:\/\/api.w.org\/{rel}","templated":true}]}}